{"id":1299,"date":"2024-06-12T08:10:02","date_gmt":"2024-06-12T13:10:02","guid":{"rendered":"https:\/\/ecosistema360.editorialdonbosco.com.ec\/?page_id=1299"},"modified":"2025-07-29T18:28:28","modified_gmt":"2025-07-29T23:28:28","slug":"asesoria-pedagogica-y-curricular","status":"publish","type":"page","link":"https:\/\/ecosistema360.editorialdonbosco.com.ec\/?page_id=1299","title":{"rendered":"Asesor\u00eda pedag\u00f3gica y curricular"},"content":{"rendered":"\t\t<div data-elementor-type=\"wp-page\" data-elementor-id=\"1299\" class=\"elementor elementor-1299\" data-elementor-post-type=\"page\">\n\t\t\t\t<div class=\"elementor-element elementor-element-e38a330 e-con-full e-flex e-con e-parent\" data-id=\"e38a330\" data-element_type=\"container\" data-e-type=\"container\" data-settings=\"{&quot;background_background&quot;:&quot;classic&quot;}\">\n\t\t<div class=\"elementor-element elementor-element-f1b718e e-flex e-con-boxed e-con e-child\" data-id=\"f1b718e\" data-element_type=\"container\" data-e-type=\"container\">\n\t\t\t\t\t<div class=\"e-con-inner\">\n\t\t<div class=\"elementor-element elementor-element-287f192 e-con-full e-flex e-con e-child\" data-id=\"287f192\" data-element_type=\"container\" data-e-type=\"container\">\n\t\t\t\t<div class=\"elementor-element elementor-element-b2b24e1 elementor-widget__width-initial elementor-widget-tablet__width-initial elementor-widget elementor-widget-image\" data-id=\"b2b24e1\" data-element_type=\"widget\" data-e-type=\"widget\" data-widget_type=\"image.default\">\n\t\t\t\t<div class=\"elementor-widget-container\">\n\t\t\t\t\t\t\t\t\t\t\t\t\t\t\t<img fetchpriority=\"high\" decoding=\"async\" width=\"798\" height=\"1024\" src=\"https:\/\/ecosistema360.editorialdonbosco.com.ec\/wp-content\/uploads\/2024\/06\/vista-superiorequipo-negocios-haciendo-torre-manosel-concepto-trabajo-equipo-798x1024.png\" class=\"attachment-large size-large wp-image-1305\" alt=\"\" srcset=\"https:\/\/ecosistema360.editorialdonbosco.com.ec\/wp-content\/uploads\/2024\/06\/vista-superiorequipo-negocios-haciendo-torre-manosel-concepto-trabajo-equipo-798x1024.png 798w, https:\/\/ecosistema360.editorialdonbosco.com.ec\/wp-content\/uploads\/2024\/06\/vista-superiorequipo-negocios-haciendo-torre-manosel-concepto-trabajo-equipo-234x300.png 234w, https:\/\/ecosistema360.editorialdonbosco.com.ec\/wp-content\/uploads\/2024\/06\/vista-superiorequipo-negocios-haciendo-torre-manosel-concepto-trabajo-equipo-768x985.png 768w, https:\/\/ecosistema360.editorialdonbosco.com.ec\/wp-content\/uploads\/2024\/06\/vista-superiorequipo-negocios-haciendo-torre-manosel-concepto-trabajo-equipo-1197x1536.png 1197w, https:\/\/ecosistema360.editorialdonbosco.com.ec\/wp-content\/uploads\/2024\/06\/vista-superiorequipo-negocios-haciendo-torre-manosel-concepto-trabajo-equipo-19x24.png 19w, https:\/\/ecosistema360.editorialdonbosco.com.ec\/wp-content\/uploads\/2024\/06\/vista-superiorequipo-negocios-haciendo-torre-manosel-concepto-trabajo-equipo-28x36.png 28w, https:\/\/ecosistema360.editorialdonbosco.com.ec\/wp-content\/uploads\/2024\/06\/vista-superiorequipo-negocios-haciendo-torre-manosel-concepto-trabajo-equipo-37x48.png 37w, https:\/\/ecosistema360.editorialdonbosco.com.ec\/wp-content\/uploads\/2024\/06\/vista-superiorequipo-negocios-haciendo-torre-manosel-concepto-trabajo-equipo.png 1559w\" sizes=\"(max-width: 798px) 100vw, 798px\" \/>\t\t\t\t\t\t\t\t\t\t\t\t\t\t\t<\/div>\n\t\t\t\t<\/div>\n\t\t\t\t<\/div>\n\t\t<div class=\"elementor-element elementor-element-efa091f e-con-full e-flex e-con e-child\" data-id=\"efa091f\" data-element_type=\"container\" data-e-type=\"container\">\n\t\t<div class=\"elementor-element elementor-element-10cf248 e-con-full e-flex e-con e-child\" data-id=\"10cf248\" data-element_type=\"container\" data-e-type=\"container\">\n\t\t\t\t<div class=\"elementor-element elementor-element-2013247 elementor-widget elementor-widget-heading\" data-id=\"2013247\" data-element_type=\"widget\" data-e-type=\"widget\" data-widget_type=\"heading.default\">\n\t\t\t\t<div class=\"elementor-widget-container\">\n\t\t\t\t\t<h4 class=\"elementor-heading-title elementor-size-default\">Asesor\u00eda pedag\u00f3gica y curricular<\/h4>\t\t\t\t<\/div>\n\t\t\t\t<\/div>\n\t\t\t\t<\/div>\n\t\t<div class=\"elementor-element elementor-element-4e071f7 e-flex e-con-boxed e-con e-child\" data-id=\"4e071f7\" data-element_type=\"container\" data-e-type=\"container\">\n\t\t\t\t\t<div class=\"e-con-inner\">\n\t\t<div class=\"elementor-element elementor-element-58febdb e-con-full e-flex e-con e-child\" data-id=\"58febdb\" data-element_type=\"container\" data-e-type=\"container\">\n\t\t\t\t<div class=\"elementor-element elementor-element-e2d3a23 elementor-widget__width-initial elementor-widget elementor-widget-image\" data-id=\"e2d3a23\" data-element_type=\"widget\" data-e-type=\"widget\" data-widget_type=\"image.default\">\n\t\t\t\t<div class=\"elementor-widget-container\">\n\t\t\t\t\t\t\t\t\t\t\t\t\t\t\t<img decoding=\"async\" src=\"https:\/\/ecosistema360.editorialdonbosco.com.ec\/wp-content\/uploads\/elementor\/thumbs\/vne-riafbyi36z4fy7ovzwel4kbyvmaft1edvwoe758ljg.png\" title=\"vne\" alt=\"vne\" loading=\"lazy\" \/>\t\t\t\t\t\t\t\t\t\t\t\t\t\t\t<\/div>\n\t\t\t\t<\/div>\n\t\t\t\t<\/div>\n\t\t<div class=\"elementor-element elementor-element-7475379 e-con-full e-flex e-con e-child\" data-id=\"7475379\" data-element_type=\"container\" data-e-type=\"container\">\n\t\t\t\t<div class=\"elementor-element elementor-element-9d39e03 elementor-widget__width-initial elementor-widget elementor-widget-text-editor\" data-id=\"9d39e03\" data-element_type=\"widget\" data-e-type=\"widget\" data-widget_type=\"text-editor.default\">\n\t\t\t\t<div class=\"elementor-widget-container\">\n\t\t\t\t\t\t\t\t\t<p>Formaci\u00f3n en competencias generales y espec\u00edficas por asignaturas.<\/p>\t\t\t\t\t\t\t\t<\/div>\n\t\t\t\t<\/div>\n\t\t\t\t<\/div>\n\t\t\t\t\t<\/div>\n\t\t\t\t<\/div>\n\t\t<div class=\"elementor-element elementor-element-7353655 e-flex e-con-boxed e-con e-child\" data-id=\"7353655\" data-element_type=\"container\" data-e-type=\"container\">\n\t\t\t\t\t<div class=\"e-con-inner\">\n\t\t<div class=\"elementor-element elementor-element-e2289a6 e-con-full e-flex e-con e-child\" data-id=\"e2289a6\" data-element_type=\"container\" data-e-type=\"container\">\n\t\t\t\t<div class=\"elementor-element elementor-element-c6afb7e elementor-widget__width-initial elementor-widget elementor-widget-image\" data-id=\"c6afb7e\" data-element_type=\"widget\" data-e-type=\"widget\" data-widget_type=\"image.default\">\n\t\t\t\t<div class=\"elementor-widget-container\">\n\t\t\t\t\t\t\t\t\t\t\t\t\t\t\t<img decoding=\"async\" src=\"https:\/\/ecosistema360.editorialdonbosco.com.ec\/wp-content\/uploads\/elementor\/thumbs\/vne-riafbyi36z4fy7ovzwel4kbyvmaft1edvwoe758ljg.png\" title=\"vne\" alt=\"vne\" loading=\"lazy\" \/>\t\t\t\t\t\t\t\t\t\t\t\t\t\t\t<\/div>\n\t\t\t\t<\/div>\n\t\t\t\t<\/div>\n\t\t<div class=\"elementor-element elementor-element-d813b30 e-con-full e-flex e-con e-child\" data-id=\"d813b30\" data-element_type=\"container\" data-e-type=\"container\">\n\t\t\t\t<div class=\"elementor-element elementor-element-a0b8225 elementor-widget-mobile__width-initial elementor-widget__width-initial elementor-widget elementor-widget-text-editor\" data-id=\"a0b8225\" data-element_type=\"widget\" data-e-type=\"widget\" data-widget_type=\"text-editor.default\">\n\t\t\t\t<div class=\"elementor-widget-container\">\n\t\t\t\t\t\t\t\t\t<p>Acompa\u00f1amiento pedag\u00f3gico para mejorar la planificaci\u00f3n curricular.<\/p>\t\t\t\t\t\t\t\t<\/div>\n\t\t\t\t<\/div>\n\t\t\t\t<\/div>\n\t\t\t\t\t<\/div>\n\t\t\t\t<\/div>\n\t\t<div class=\"elementor-element elementor-element-4bc1867 e-con-full e-flex e-con e-child\" data-id=\"4bc1867\" data-element_type=\"container\" data-e-type=\"container\">\n\t\t<div class=\"elementor-element elementor-element-f12c554 e-con-full e-flex e-con e-child\" data-id=\"f12c554\" data-element_type=\"container\" data-e-type=\"container\">\n\t\t\t\t<div class=\"elementor-element elementor-element-ebfaa39 elementor-widget__width-initial elementor-widget elementor-widget-image\" data-id=\"ebfaa39\" data-element_type=\"widget\" data-e-type=\"widget\" data-widget_type=\"image.default\">\n\t\t\t\t<div class=\"elementor-widget-container\">\n\t\t\t\t\t\t\t\t\t\t\t\t\t\t\t<img decoding=\"async\" src=\"https:\/\/ecosistema360.editorialdonbosco.com.ec\/wp-content\/uploads\/elementor\/thumbs\/vne-riafbyi36z4fy7ovzwel4kbyvmaft1edvwoe758ljg.png\" title=\"vne\" alt=\"vne\" loading=\"lazy\" \/>\t\t\t\t\t\t\t\t\t\t\t\t\t\t\t<\/div>\n\t\t\t\t<\/div>\n\t\t\t\t<\/div>\n\t\t<div class=\"elementor-element elementor-element-e0e83b4 e-con-full e-flex e-con e-child\" data-id=\"e0e83b4\" data-element_type=\"container\" data-e-type=\"container\">\n\t\t\t\t<div class=\"elementor-element elementor-element-86866c7 elementor-widget elementor-widget-text-editor\" data-id=\"86866c7\" data-element_type=\"widget\" data-e-type=\"widget\" data-widget_type=\"text-editor.default\">\n\t\t\t\t<div class=\"elementor-widget-container\">\n\t\t\t\t\t\t\t\t\t<p>Asistencia en los procesos evaluativos.<\/p>\t\t\t\t\t\t\t\t<\/div>\n\t\t\t\t<\/div>\n\t\t\t\t<\/div>\n\t\t\t\t<\/div>\n\t\t<div class=\"elementor-element elementor-element-f18fdee e-con-full e-flex e-con e-child\" data-id=\"f18fdee\" data-element_type=\"container\" data-e-type=\"container\">\n\t\t<div class=\"elementor-element elementor-element-2f28564 e-con-full e-flex e-con e-child\" data-id=\"2f28564\" data-element_type=\"container\" data-e-type=\"container\">\n\t\t\t\t<div class=\"elementor-element elementor-element-1abe8b8 elementor-widget__width-initial elementor-widget elementor-widget-image\" data-id=\"1abe8b8\" data-element_type=\"widget\" data-e-type=\"widget\" data-widget_type=\"image.default\">\n\t\t\t\t<div class=\"elementor-widget-container\">\n\t\t\t\t\t\t\t\t\t\t\t\t\t\t\t<img decoding=\"async\" src=\"https:\/\/ecosistema360.editorialdonbosco.com.ec\/wp-content\/uploads\/elementor\/thumbs\/vne-riafbyi36z4fy7ovzwel4kbyvmaft1edvwoe758ljg.png\" title=\"vne\" alt=\"vne\" loading=\"lazy\" \/>\t\t\t\t\t\t\t\t\t\t\t\t\t\t\t<\/div>\n\t\t\t\t<\/div>\n\t\t\t\t<\/div>\n\t\t<div class=\"elementor-element elementor-element-618f5f1 e-con-full e-flex e-con e-child\" data-id=\"618f5f1\" data-element_type=\"container\" data-e-type=\"container\">\n\t\t\t\t<div class=\"elementor-element elementor-element-6f91457 elementor-widget__width-initial elementor-widget elementor-widget-text-editor\" data-id=\"6f91457\" data-element_type=\"widget\" data-e-type=\"widget\" data-widget_type=\"text-editor.default\">\n\t\t\t\t<div class=\"elementor-widget-container\">\n\t\t\t\t\t\t\t\t\t<p>Ayuda digital en soporte y soluciones r\u00e1pidas.<\/p>\t\t\t\t\t\t\t\t<\/div>\n\t\t\t\t<\/div>\n\t\t\t\t<\/div>\n\t\t\t\t<\/div>\n\t\t\t\t<\/div>\n\t\t\t\t\t<\/div>\n\t\t\t\t<\/div>\n\t\t\t\t<\/div>\n\t\t\t\t<\/div>\n\t\t","protected":false},"excerpt":{"rendered":"<p>Asesor\u00eda pedag\u00f3gica y curricular Formaci\u00f3n en competencias generales y espec\u00edficas por asignaturas. Acompa\u00f1amiento pedag\u00f3gico para mejorar la planificaci\u00f3n curricular. Asistencia [&hellip;]<\/p>\n","protected":false},"author":1,"featured_media":0,"parent":0,"menu_order":0,"comment_status":"closed","ping_status":"closed","template":"elementor_header_footer","meta":{"site-sidebar-layout":"no-sidebar","site-content-layout":"","ast-site-content-layout":"full-width-container","site-content-style":"default","site-sidebar-style":"default","ast-global-header-display":"","ast-banner-title-visibility":"","ast-main-header-display":"","ast-hfb-above-header-display":"","ast-hfb-below-header-display":"","ast-hfb-mobile-header-display":"","site-post-title":"disabled","ast-breadcrumbs-content":"","ast-featured-img":"disabled","footer-sml-layout":"","ast-disable-related-posts":"","theme-transparent-header-meta":"","adv-header-id-meta":"","stick-header-meta":"","header-above-stick-meta":"","header-main-stick-meta":"","header-below-stick-meta":"","astra-migrate-meta-layouts":"default","ast-page-background-enabled":"default","ast-page-background-meta":{"desktop":{"background-color":"var(--ast-global-color-4)","background-image":"","background-repeat":"repeat","background-position":"center center","background-size":"auto","background-attachment":"scroll","background-type":"","background-media":"","overlay-type":"","overlay-color":"","overlay-opacity":"","overlay-gradient":""},"tablet":{"background-color":"","background-image":"","background-repeat":"repeat","background-position":"center center","background-size":"auto","background-attachment":"scroll","background-type":"","background-media":"","overlay-type":"","overlay-color":"","overlay-opacity":"","overlay-gradient":""},"mobile":{"background-color":"","background-image":"","background-repeat":"repeat","background-position":"center center","background-size":"auto","background-attachment":"scroll","background-type":"","background-media":"","overlay-type":"","overlay-color":"","overlay-opacity":"","overlay-gradient":""}},"ast-content-background-meta":{"desktop":{"background-color":"var(--ast-global-color-5)","background-image":"","background-repeat":"repeat","background-position":"center center","background-size":"auto","background-attachment":"scroll","background-type":"","background-media":"","overlay-type":"","overlay-color":"","overlay-opacity":"","overlay-gradient":""},"tablet":{"background-color":"var(--ast-global-color-5)","background-image":"","background-repeat":"repeat","background-position":"center center","background-size":"auto","background-attachment":"scroll","background-type":"","background-media":"","overlay-type":"","overlay-color":"","overlay-opacity":"","overlay-gradient":""},"mobile":{"background-color":"var(--ast-global-color-5)","background-image":"","background-repeat":"repeat","background-position":"center center","background-size":"auto","background-attachment":"scroll","background-type":"","background-media":"","overlay-type":"","overlay-color":"","overlay-opacity":"","overlay-gradient":""}},"footnotes":""},"class_list":["post-1299","page","type-page","status-publish","hentry"],"yoast_head":"<!-- This site is optimized with the Yoast SEO plugin v27.4 - https:\/\/yoast.com\/product\/yoast-seo-wordpress\/ -->\n<title>Asesor\u00eda pedag\u00f3gica y curricular -<\/title>\n<meta name=\"robots\" content=\"index, follow, max-snippet:-1, max-image-preview:large, max-video-preview:-1\" \/>\n<link rel=\"canonical\" href=\"https:\/\/ecosistema360.editorialdonbosco.com.ec\/?page_id=1299\" \/>\n<meta property=\"og:locale\" content=\"es_ES\" \/>\n<meta property=\"og:type\" content=\"article\" \/>\n<meta property=\"og:title\" content=\"Asesor\u00eda pedag\u00f3gica y curricular -\" \/>\n<meta property=\"og:description\" content=\"Asesor\u00eda pedag\u00f3gica y curricular Formaci\u00f3n en competencias generales y espec\u00edficas por asignaturas. Acompa\u00f1amiento pedag\u00f3gico para mejorar la planificaci\u00f3n curricular. Asistencia [&hellip;]\" \/>\n<meta property=\"og:url\" content=\"https:\/\/ecosistema360.editorialdonbosco.com.ec\/?page_id=1299\" \/>\n<meta property=\"article:publisher\" content=\"https:\/\/www.facebook.com\/EditorialDonBoscoEcuador\/?locale=es_LA\" \/>\n<meta property=\"article:modified_time\" content=\"2025-07-29T23:28:28+00:00\" \/>\n<meta property=\"og:image\" content=\"https:\/\/ecosistema360.editorialdonbosco.com.ec\/wp-content\/uploads\/2024\/06\/vista-superiorequipo-negocios-haciendo-torre-manosel-concepto-trabajo-equipo.png\" \/>\n\t<meta property=\"og:image:width\" content=\"1559\" \/>\n\t<meta property=\"og:image:height\" content=\"2000\" \/>\n\t<meta property=\"og:image:type\" content=\"image\/png\" \/>\n<meta name=\"twitter:card\" content=\"summary_large_image\" \/>\n<meta name=\"twitter:label1\" content=\"Tiempo de lectura\" \/>\n\t<meta name=\"twitter:data1\" content=\"2 minutos\" \/>\n<script type=\"application\/ld+json\" class=\"yoast-schema-graph\">{\"@context\":\"https:\\\/\\\/schema.org\",\"@graph\":[{\"@type\":\"WebPage\",\"@id\":\"https:\\\/\\\/ecosistema360.editorialdonbosco.com.ec\\\/?page_id=1299\",\"url\":\"https:\\\/\\\/ecosistema360.editorialdonbosco.com.ec\\\/?page_id=1299\",\"name\":\"Asesor\u00eda pedag\u00f3gica y curricular -\",\"isPartOf\":{\"@id\":\"https:\\\/\\\/ecosistema360.editorialdonbosco.com.ec\\\/#website\"},\"primaryImageOfPage\":{\"@id\":\"https:\\\/\\\/ecosistema360.editorialdonbosco.com.ec\\\/?page_id=1299#primaryimage\"},\"image\":{\"@id\":\"https:\\\/\\\/ecosistema360.editorialdonbosco.com.ec\\\/?page_id=1299#primaryimage\"},\"thumbnailUrl\":\"https:\\\/\\\/ecosistema360.editorialdonbosco.com.ec\\\/wp-content\\\/uploads\\\/2024\\\/06\\\/vista-superiorequipo-negocios-haciendo-torre-manosel-concepto-trabajo-equipo-798x1024.png\",\"datePublished\":\"2024-06-12T13:10:02+00:00\",\"dateModified\":\"2025-07-29T23:28:28+00:00\",\"breadcrumb\":{\"@id\":\"https:\\\/\\\/ecosistema360.editorialdonbosco.com.ec\\\/?page_id=1299#breadcrumb\"},\"inLanguage\":\"es\",\"potentialAction\":[{\"@type\":\"ReadAction\",\"target\":[\"https:\\\/\\\/ecosistema360.editorialdonbosco.com.ec\\\/?page_id=1299\"]}]},{\"@type\":\"ImageObject\",\"inLanguage\":\"es\",\"@id\":\"https:\\\/\\\/ecosistema360.editorialdonbosco.com.ec\\\/?page_id=1299#primaryimage\",\"url\":\"https:\\\/\\\/ecosistema360.editorialdonbosco.com.ec\\\/wp-content\\\/uploads\\\/2024\\\/06\\\/vista-superiorequipo-negocios-haciendo-torre-manosel-concepto-trabajo-equipo.png\",\"contentUrl\":\"https:\\\/\\\/ecosistema360.editorialdonbosco.com.ec\\\/wp-content\\\/uploads\\\/2024\\\/06\\\/vista-superiorequipo-negocios-haciendo-torre-manosel-concepto-trabajo-equipo.png\",\"width\":1559,\"height\":2000},{\"@type\":\"BreadcrumbList\",\"@id\":\"https:\\\/\\\/ecosistema360.editorialdonbosco.com.ec\\\/?page_id=1299#breadcrumb\",\"itemListElement\":[{\"@type\":\"ListItem\",\"position\":1,\"name\":\"Portada\",\"item\":\"https:\\\/\\\/ecosistema360.editorialdonbosco.com.ec\\\/\"},{\"@type\":\"ListItem\",\"position\":2,\"name\":\"Asesor\u00eda pedag\u00f3gica y curricular\"}]},{\"@type\":\"WebSite\",\"@id\":\"https:\\\/\\\/ecosistema360.editorialdonbosco.com.ec\\\/#website\",\"url\":\"https:\\\/\\\/ecosistema360.editorialdonbosco.com.ec\\\/\",\"name\":\"Ecosistema 360\",\"description\":\"\",\"publisher\":{\"@id\":\"https:\\\/\\\/ecosistema360.editorialdonbosco.com.ec\\\/#organization\"},\"potentialAction\":[{\"@type\":\"SearchAction\",\"target\":{\"@type\":\"EntryPoint\",\"urlTemplate\":\"https:\\\/\\\/ecosistema360.editorialdonbosco.com.ec\\\/?s={search_term_string}\"},\"query-input\":{\"@type\":\"PropertyValueSpecification\",\"valueRequired\":true,\"valueName\":\"search_term_string\"}}],\"inLanguage\":\"es\"},{\"@type\":\"Organization\",\"@id\":\"https:\\\/\\\/ecosistema360.editorialdonbosco.com.ec\\\/#organization\",\"name\":\"Grupo Editorial Don Bosco\",\"url\":\"https:\\\/\\\/ecosistema360.editorialdonbosco.com.ec\\\/\",\"logo\":{\"@type\":\"ImageObject\",\"inLanguage\":\"es\",\"@id\":\"https:\\\/\\\/ecosistema360.editorialdonbosco.com.ec\\\/#\\\/schema\\\/logo\\\/image\\\/\",\"url\":\"https:\\\/\\\/ecosistema360.editorialdonbosco.com.ec\\\/wp-content\\\/uploads\\\/2024\\\/06\\\/cropped-logo_edb.png\",\"contentUrl\":\"https:\\\/\\\/ecosistema360.editorialdonbosco.com.ec\\\/wp-content\\\/uploads\\\/2024\\\/06\\\/cropped-logo_edb.png\",\"width\":441,\"height\":136,\"caption\":\"Grupo Editorial Don Bosco\"},\"image\":{\"@id\":\"https:\\\/\\\/ecosistema360.editorialdonbosco.com.ec\\\/#\\\/schema\\\/logo\\\/image\\\/\"},\"sameAs\":[\"https:\\\/\\\/www.facebook.com\\\/EditorialDonBoscoEcuador\\\/?locale=es_LA\"]}]}<\/script>\n<!-- \/ Yoast SEO plugin. -->","yoast_head_json":{"title":"Asesor\u00eda pedag\u00f3gica y curricular -","robots":{"index":"index","follow":"follow","max-snippet":"max-snippet:-1","max-image-preview":"max-image-preview:large","max-video-preview":"max-video-preview:-1"},"canonical":"https:\/\/ecosistema360.editorialdonbosco.com.ec\/?page_id=1299","og_locale":"es_ES","og_type":"article","og_title":"Asesor\u00eda pedag\u00f3gica y curricular -","og_description":"Asesor\u00eda pedag\u00f3gica y curricular Formaci\u00f3n en competencias generales y espec\u00edficas por asignaturas. Acompa\u00f1amiento pedag\u00f3gico para mejorar la planificaci\u00f3n curricular. Asistencia [&hellip;]","og_url":"https:\/\/ecosistema360.editorialdonbosco.com.ec\/?page_id=1299","article_publisher":"https:\/\/www.facebook.com\/EditorialDonBoscoEcuador\/?locale=es_LA","article_modified_time":"2025-07-29T23:28:28+00:00","og_image":[{"width":1559,"height":2000,"url":"https:\/\/ecosistema360.editorialdonbosco.com.ec\/wp-content\/uploads\/2024\/06\/vista-superiorequipo-negocios-haciendo-torre-manosel-concepto-trabajo-equipo.png","type":"image\/png"}],"twitter_card":"summary_large_image","twitter_misc":{"Tiempo de lectura":"2 minutos"},"schema":{"@context":"https:\/\/schema.org","@graph":[{"@type":"WebPage","@id":"https:\/\/ecosistema360.editorialdonbosco.com.ec\/?page_id=1299","url":"https:\/\/ecosistema360.editorialdonbosco.com.ec\/?page_id=1299","name":"Asesor\u00eda pedag\u00f3gica y curricular -","isPartOf":{"@id":"https:\/\/ecosistema360.editorialdonbosco.com.ec\/#website"},"primaryImageOfPage":{"@id":"https:\/\/ecosistema360.editorialdonbosco.com.ec\/?page_id=1299#primaryimage"},"image":{"@id":"https:\/\/ecosistema360.editorialdonbosco.com.ec\/?page_id=1299#primaryimage"},"thumbnailUrl":"https:\/\/ecosistema360.editorialdonbosco.com.ec\/wp-content\/uploads\/2024\/06\/vista-superiorequipo-negocios-haciendo-torre-manosel-concepto-trabajo-equipo-798x1024.png","datePublished":"2024-06-12T13:10:02+00:00","dateModified":"2025-07-29T23:28:28+00:00","breadcrumb":{"@id":"https:\/\/ecosistema360.editorialdonbosco.com.ec\/?page_id=1299#breadcrumb"},"inLanguage":"es","potentialAction":[{"@type":"ReadAction","target":["https:\/\/ecosistema360.editorialdonbosco.com.ec\/?page_id=1299"]}]},{"@type":"ImageObject","inLanguage":"es","@id":"https:\/\/ecosistema360.editorialdonbosco.com.ec\/?page_id=1299#primaryimage","url":"https:\/\/ecosistema360.editorialdonbosco.com.ec\/wp-content\/uploads\/2024\/06\/vista-superiorequipo-negocios-haciendo-torre-manosel-concepto-trabajo-equipo.png","contentUrl":"https:\/\/ecosistema360.editorialdonbosco.com.ec\/wp-content\/uploads\/2024\/06\/vista-superiorequipo-negocios-haciendo-torre-manosel-concepto-trabajo-equipo.png","width":1559,"height":2000},{"@type":"BreadcrumbList","@id":"https:\/\/ecosistema360.editorialdonbosco.com.ec\/?page_id=1299#breadcrumb","itemListElement":[{"@type":"ListItem","position":1,"name":"Portada","item":"https:\/\/ecosistema360.editorialdonbosco.com.ec\/"},{"@type":"ListItem","position":2,"name":"Asesor\u00eda pedag\u00f3gica y curricular"}]},{"@type":"WebSite","@id":"https:\/\/ecosistema360.editorialdonbosco.com.ec\/#website","url":"https:\/\/ecosistema360.editorialdonbosco.com.ec\/","name":"Ecosistema 360","description":"","publisher":{"@id":"https:\/\/ecosistema360.editorialdonbosco.com.ec\/#organization"},"potentialAction":[{"@type":"SearchAction","target":{"@type":"EntryPoint","urlTemplate":"https:\/\/ecosistema360.editorialdonbosco.com.ec\/?s={search_term_string}"},"query-input":{"@type":"PropertyValueSpecification","valueRequired":true,"valueName":"search_term_string"}}],"inLanguage":"es"},{"@type":"Organization","@id":"https:\/\/ecosistema360.editorialdonbosco.com.ec\/#organization","name":"Grupo Editorial Don Bosco","url":"https:\/\/ecosistema360.editorialdonbosco.com.ec\/","logo":{"@type":"ImageObject","inLanguage":"es","@id":"https:\/\/ecosistema360.editorialdonbosco.com.ec\/#\/schema\/logo\/image\/","url":"https:\/\/ecosistema360.editorialdonbosco.com.ec\/wp-content\/uploads\/2024\/06\/cropped-logo_edb.png","contentUrl":"https:\/\/ecosistema360.editorialdonbosco.com.ec\/wp-content\/uploads\/2024\/06\/cropped-logo_edb.png","width":441,"height":136,"caption":"Grupo Editorial Don Bosco"},"image":{"@id":"https:\/\/ecosistema360.editorialdonbosco.com.ec\/#\/schema\/logo\/image\/"},"sameAs":["https:\/\/www.facebook.com\/EditorialDonBoscoEcuador\/?locale=es_LA"]}]}},"_links":{"self":[{"href":"https:\/\/ecosistema360.editorialdonbosco.com.ec\/index.php?rest_route=\/wp\/v2\/pages\/1299","targetHints":{"allow":["GET"]}}],"collection":[{"href":"https:\/\/ecosistema360.editorialdonbosco.com.ec\/index.php?rest_route=\/wp\/v2\/pages"}],"about":[{"href":"https:\/\/ecosistema360.editorialdonbosco.com.ec\/index.php?rest_route=\/wp\/v2\/types\/page"}],"author":[{"embeddable":true,"href":"https:\/\/ecosistema360.editorialdonbosco.com.ec\/index.php?rest_route=\/wp\/v2\/users\/1"}],"replies":[{"embeddable":true,"href":"https:\/\/ecosistema360.editorialdonbosco.com.ec\/index.php?rest_route=%2Fwp%2Fv2%2Fcomments&post=1299"}],"version-history":[{"count":0,"href":"https:\/\/ecosistema360.editorialdonbosco.com.ec\/index.php?rest_route=\/wp\/v2\/pages\/1299\/revisions"}],"wp:attachment":[{"href":"https:\/\/ecosistema360.editorialdonbosco.com.ec\/index.php?rest_route=%2Fwp%2Fv2%2Fmedia&parent=1299"}],"curies":[{"name":"wp","href":"https:\/\/api.w.org\/{rel}","templated":true}]}}