{"id":150,"date":"2024-06-05T11:05:08","date_gmt":"2024-06-05T16:05:08","guid":{"rendered":"https:\/\/ecosistema360.editorialdonbosco.com.ec\/?page_id=150"},"modified":"2025-07-29T18:25:54","modified_gmt":"2025-07-29T23:25:54","slug":"cambridge","status":"publish","type":"page","link":"https:\/\/ecosistema360.editorialdonbosco.com.ec\/?page_id=150","title":{"rendered":"Cambridge"},"content":{"rendered":"\t\t<div data-elementor-type=\"wp-page\" data-elementor-id=\"150\" class=\"elementor elementor-150\" data-elementor-post-type=\"page\">\n\t\t\t\t<div class=\"elementor-element elementor-element-6441228 e-con-full e-flex e-con e-parent\" data-id=\"6441228\" data-element_type=\"container\" data-e-type=\"container\" data-settings=\"{&quot;background_background&quot;:&quot;classic&quot;}\">\n\t\t<div class=\"elementor-element elementor-element-9c76370 e-flex e-con-boxed e-con e-child\" data-id=\"9c76370\" data-element_type=\"container\" data-e-type=\"container\">\n\t\t\t\t\t<div class=\"e-con-inner\">\n\t\t<div class=\"elementor-element elementor-element-0850da6 e-flex e-con-boxed e-con e-child\" data-id=\"0850da6\" data-element_type=\"container\" data-e-type=\"container\">\n\t\t\t\t\t<div class=\"e-con-inner\">\n\t\t\t\t<div class=\"elementor-element elementor-element-1d892cd elementor-widget elementor-widget-spacer\" data-id=\"1d892cd\" data-element_type=\"widget\" data-e-type=\"widget\" data-widget_type=\"spacer.default\">\n\t\t\t\t<div class=\"elementor-widget-container\">\n\t\t\t\t\t\t\t<div class=\"elementor-spacer\">\n\t\t\t<div class=\"elementor-spacer-inner\"><\/div>\n\t\t<\/div>\n\t\t\t\t\t\t<\/div>\n\t\t\t\t<\/div>\n\t\t\t\t<div class=\"elementor-element elementor-element-1a4e345 elementor-widget__width-initial elementor-widget elementor-widget-image\" data-id=\"1a4e345\" data-element_type=\"widget\" data-e-type=\"widget\" data-widget_type=\"image.default\">\n\t\t\t\t<div class=\"elementor-widget-container\">\n\t\t\t\t\t\t\t\t\t\t\t\t\t\t\t<img fetchpriority=\"high\" decoding=\"async\" width=\"2000\" height=\"959\" src=\"https:\/\/ecosistema360.editorialdonbosco.com.ec\/wp-content\/uploads\/2024\/06\/pequenos-ninos-amigos-pulgares-arriba.png\" class=\"attachment-2048x2048 size-2048x2048 wp-image-1141\" alt=\"\" srcset=\"https:\/\/ecosistema360.editorialdonbosco.com.ec\/wp-content\/uploads\/2024\/06\/pequenos-ninos-amigos-pulgares-arriba.png 2000w, https:\/\/ecosistema360.editorialdonbosco.com.ec\/wp-content\/uploads\/2024\/06\/pequenos-ninos-amigos-pulgares-arriba-300x144.png 300w, https:\/\/ecosistema360.editorialdonbosco.com.ec\/wp-content\/uploads\/2024\/06\/pequenos-ninos-amigos-pulgares-arriba-1024x491.png 1024w, https:\/\/ecosistema360.editorialdonbosco.com.ec\/wp-content\/uploads\/2024\/06\/pequenos-ninos-amigos-pulgares-arriba-768x368.png 768w, https:\/\/ecosistema360.editorialdonbosco.com.ec\/wp-content\/uploads\/2024\/06\/pequenos-ninos-amigos-pulgares-arriba-1536x737.png 1536w, https:\/\/ecosistema360.editorialdonbosco.com.ec\/wp-content\/uploads\/2024\/06\/pequenos-ninos-amigos-pulgares-arriba-24x12.png 24w, https:\/\/ecosistema360.editorialdonbosco.com.ec\/wp-content\/uploads\/2024\/06\/pequenos-ninos-amigos-pulgares-arriba-36x17.png 36w, https:\/\/ecosistema360.editorialdonbosco.com.ec\/wp-content\/uploads\/2024\/06\/pequenos-ninos-amigos-pulgares-arriba-48x23.png 48w\" sizes=\"(max-width: 2000px) 100vw, 2000px\" \/>\t\t\t\t\t\t\t\t\t\t\t\t\t\t\t<\/div>\n\t\t\t\t<\/div>\n\t\t\t\t<div class=\"elementor-element elementor-element-6802a9a elementor-widget elementor-widget-spacer\" data-id=\"6802a9a\" data-element_type=\"widget\" data-e-type=\"widget\" data-widget_type=\"spacer.default\">\n\t\t\t\t<div class=\"elementor-widget-container\">\n\t\t\t\t\t\t\t<div class=\"elementor-spacer\">\n\t\t\t<div class=\"elementor-spacer-inner\"><\/div>\n\t\t<\/div>\n\t\t\t\t\t\t<\/div>\n\t\t\t\t<\/div>\n\t\t\t\t\t<\/div>\n\t\t\t\t<\/div>\n\t\t<div class=\"elementor-element elementor-element-2ca7824 e-flex e-con-boxed e-con e-child\" data-id=\"2ca7824\" data-element_type=\"container\" data-e-type=\"container\">\n\t\t\t\t\t<div class=\"e-con-inner\">\n\t\t\t\t<div class=\"elementor-element elementor-element-93e4ebe elementor-widget elementor-widget-spacer\" data-id=\"93e4ebe\" data-element_type=\"widget\" data-e-type=\"widget\" data-widget_type=\"spacer.default\">\n\t\t\t\t<div class=\"elementor-widget-container\">\n\t\t\t\t\t\t\t<div class=\"elementor-spacer\">\n\t\t\t<div class=\"elementor-spacer-inner\"><\/div>\n\t\t<\/div>\n\t\t\t\t\t\t<\/div>\n\t\t\t\t<\/div>\n\t\t\t\t<div class=\"elementor-element elementor-element-9379a89 elementor-widget elementor-widget-heading\" data-id=\"9379a89\" data-element_type=\"widget\" data-e-type=\"widget\" data-widget_type=\"heading.default\">\n\t\t\t\t<div class=\"elementor-widget-container\">\n\t\t\t\t\t<h4 class=\"elementor-heading-title elementor-size-default\">Alianza estrat\u00e9gica<\/h4>\t\t\t\t<\/div>\n\t\t\t\t<\/div>\n\t\t\t\t<div class=\"elementor-element elementor-element-d3df552 elementor-widget__width-initial elementor-widget elementor-widget-text-editor\" data-id=\"d3df552\" data-element_type=\"widget\" data-e-type=\"widget\" data-widget_type=\"text-editor.default\">\n\t\t\t\t<div class=\"elementor-widget-container\">\n\t\t\t\t\t\t\t\t\t<p>Creemos que los idiomas est\u00e1n en el centro de lo que nos hace humanos, y que el ingl\u00e9s puede abrir las puertas a toda una vida de experiencias. Ayudamos a personas de todo el mundo a conectar, comunicarse y acortar distancias.<\/p>\t\t\t\t\t\t\t\t<\/div>\n\t\t\t\t<\/div>\n\t\t\t\t<div class=\"elementor-element elementor-element-93eeb60 elementor-widget__width-initial elementor-widget elementor-widget-text-editor\" data-id=\"93eeb60\" data-element_type=\"widget\" data-e-type=\"widget\" data-widget_type=\"text-editor.default\">\n\t\t\t\t<div class=\"elementor-widget-container\">\n\t\t\t\t\t\t\t\t\t<p>El enfoque \u00fanico se adapta a las necesidades reales de los estudiantes a trav\u00e9s de productos y servicios accesibles e inclusivos.<\/p>\t\t\t\t\t\t\t\t<\/div>\n\t\t\t\t<\/div>\n\t\t\t\t<div class=\"elementor-element elementor-element-fd677cf elementor-widget__width-initial elementor-widget elementor-widget-text-editor\" data-id=\"fd677cf\" data-element_type=\"widget\" data-e-type=\"widget\" data-widget_type=\"text-editor.default\">\n\t\t\t\t<div class=\"elementor-widget-container\">\n\t\t\t\t\t\t\t\t\t<p>Creamos experiencias de aprendizaje que solo podr\u00edan venir de Cambridge. Nuestras soluciones de ense\u00f1anza y evaluaci\u00f3n del ingl\u00e9s ayudan a mil.<\/p>\t\t\t\t\t\t\t\t<\/div>\n\t\t\t\t<\/div>\n\t\t\t\t\t<\/div>\n\t\t\t\t<\/div>\n\t\t\t\t\t<\/div>\n\t\t\t\t<\/div>\n\t\t\t\t<\/div>\n\t\t\t\t<\/div>\n\t\t","protected":false},"excerpt":{"rendered":"<p>Alianza estrat\u00e9gica Creemos que los idiomas est\u00e1n en el centro de lo que nos hace humanos, y que el ingl\u00e9s [&hellip;]<\/p>\n","protected":false},"author":1,"featured_media":0,"parent":0,"menu_order":0,"comment_status":"closed","ping_status":"closed","template":"elementor_header_footer","meta":{"site-sidebar-layout":"no-sidebar","site-content-layout":"","ast-site-content-layout":"full-width-container","site-content-style":"default","site-sidebar-style":"default","ast-global-header-display":"","ast-banner-title-visibility":"","ast-main-header-display":"","ast-hfb-above-header-display":"","ast-hfb-below-header-display":"","ast-hfb-mobile-header-display":"","site-post-title":"disabled","ast-breadcrumbs-content":"","ast-featured-img":"disabled","footer-sml-layout":"","ast-disable-related-posts":"","theme-transparent-header-meta":"","adv-header-id-meta":"","stick-header-meta":"","header-above-stick-meta":"","header-main-stick-meta":"","header-below-stick-meta":"","astra-migrate-meta-layouts":"default","ast-page-background-enabled":"default","ast-page-background-meta":{"desktop":{"background-color":"var(--ast-global-color-4)","background-image":"","background-repeat":"repeat","background-position":"center center","background-size":"auto","background-attachment":"scroll","background-type":"","background-media":"","overlay-type":"","overlay-color":"","overlay-opacity":"","overlay-gradient":""},"tablet":{"background-color":"","background-image":"","background-repeat":"repeat","background-position":"center center","background-size":"auto","background-attachment":"scroll","background-type":"","background-media":"","overlay-type":"","overlay-color":"","overlay-opacity":"","overlay-gradient":""},"mobile":{"background-color":"","background-image":"","background-repeat":"repeat","background-position":"center center","background-size":"auto","background-attachment":"scroll","background-type":"","background-media":"","overlay-type":"","overlay-color":"","overlay-opacity":"","overlay-gradient":""}},"ast-content-background-meta":{"desktop":{"background-color":"var(--ast-global-color-5)","background-image":"","background-repeat":"repeat","background-position":"center center","background-size":"auto","background-attachment":"scroll","background-type":"","background-media":"","overlay-type":"","overlay-color":"","overlay-opacity":"","overlay-gradient":""},"tablet":{"background-color":"var(--ast-global-color-5)","background-image":"","background-repeat":"repeat","background-position":"center center","background-size":"auto","background-attachment":"scroll","background-type":"","background-media":"","overlay-type":"","overlay-color":"","overlay-opacity":"","overlay-gradient":""},"mobile":{"background-color":"var(--ast-global-color-5)","background-image":"","background-repeat":"repeat","background-position":"center center","background-size":"auto","background-attachment":"scroll","background-type":"","background-media":"","overlay-type":"","overlay-color":"","overlay-opacity":"","overlay-gradient":""}},"footnotes":""},"class_list":["post-150","page","type-page","status-publish","hentry"],"yoast_head":"<!-- This site is optimized with the Yoast SEO plugin v27.4 - https:\/\/yoast.com\/product\/yoast-seo-wordpress\/ -->\n<title>Cambridge -<\/title>\n<meta name=\"robots\" content=\"index, follow, max-snippet:-1, max-image-preview:large, max-video-preview:-1\" \/>\n<link rel=\"canonical\" href=\"https:\/\/ecosistema360.editorialdonbosco.com.ec\/?page_id=150\" \/>\n<meta property=\"og:locale\" content=\"es_ES\" \/>\n<meta property=\"og:type\" content=\"article\" \/>\n<meta property=\"og:title\" content=\"Cambridge -\" \/>\n<meta property=\"og:description\" content=\"Alianza estrat\u00e9gica Creemos que los idiomas est\u00e1n en el centro de lo que nos hace humanos, y que el ingl\u00e9s [&hellip;]\" \/>\n<meta property=\"og:url\" content=\"https:\/\/ecosistema360.editorialdonbosco.com.ec\/?page_id=150\" \/>\n<meta property=\"article:publisher\" content=\"https:\/\/www.facebook.com\/EditorialDonBoscoEcuador\/?locale=es_LA\" \/>\n<meta property=\"article:modified_time\" content=\"2025-07-29T23:25:54+00:00\" \/>\n<meta property=\"og:image\" content=\"https:\/\/ecosistema360.editorialdonbosco.com.ec\/wp-content\/uploads\/2024\/06\/pequenos-ninos-amigos-pulgares-arriba.png\" \/>\n\t<meta property=\"og:image:width\" content=\"2000\" \/>\n\t<meta property=\"og:image:height\" content=\"959\" \/>\n\t<meta property=\"og:image:type\" content=\"image\/png\" \/>\n<meta name=\"twitter:card\" content=\"summary_large_image\" \/>\n<meta name=\"twitter:label1\" content=\"Tiempo de lectura\" \/>\n\t<meta name=\"twitter:data1\" content=\"1 minuto\" \/>\n<script type=\"application\/ld+json\" class=\"yoast-schema-graph\">{\"@context\":\"https:\\\/\\\/schema.org\",\"@graph\":[{\"@type\":\"WebPage\",\"@id\":\"https:\\\/\\\/ecosistema360.editorialdonbosco.com.ec\\\/?page_id=150\",\"url\":\"https:\\\/\\\/ecosistema360.editorialdonbosco.com.ec\\\/?page_id=150\",\"name\":\"Cambridge -\",\"isPartOf\":{\"@id\":\"https:\\\/\\\/ecosistema360.editorialdonbosco.com.ec\\\/#website\"},\"primaryImageOfPage\":{\"@id\":\"https:\\\/\\\/ecosistema360.editorialdonbosco.com.ec\\\/?page_id=150#primaryimage\"},\"image\":{\"@id\":\"https:\\\/\\\/ecosistema360.editorialdonbosco.com.ec\\\/?page_id=150#primaryimage\"},\"thumbnailUrl\":\"https:\\\/\\\/ecosistema360.editorialdonbosco.com.ec\\\/wp-content\\\/uploads\\\/2024\\\/06\\\/pequenos-ninos-amigos-pulgares-arriba.png\",\"datePublished\":\"2024-06-05T16:05:08+00:00\",\"dateModified\":\"2025-07-29T23:25:54+00:00\",\"breadcrumb\":{\"@id\":\"https:\\\/\\\/ecosistema360.editorialdonbosco.com.ec\\\/?page_id=150#breadcrumb\"},\"inLanguage\":\"es\",\"potentialAction\":[{\"@type\":\"ReadAction\",\"target\":[\"https:\\\/\\\/ecosistema360.editorialdonbosco.com.ec\\\/?page_id=150\"]}]},{\"@type\":\"ImageObject\",\"inLanguage\":\"es\",\"@id\":\"https:\\\/\\\/ecosistema360.editorialdonbosco.com.ec\\\/?page_id=150#primaryimage\",\"url\":\"https:\\\/\\\/ecosistema360.editorialdonbosco.com.ec\\\/wp-content\\\/uploads\\\/2024\\\/06\\\/pequenos-ninos-amigos-pulgares-arriba.png\",\"contentUrl\":\"https:\\\/\\\/ecosistema360.editorialdonbosco.com.ec\\\/wp-content\\\/uploads\\\/2024\\\/06\\\/pequenos-ninos-amigos-pulgares-arriba.png\",\"width\":2000,\"height\":959},{\"@type\":\"BreadcrumbList\",\"@id\":\"https:\\\/\\\/ecosistema360.editorialdonbosco.com.ec\\\/?page_id=150#breadcrumb\",\"itemListElement\":[{\"@type\":\"ListItem\",\"position\":1,\"name\":\"Portada\",\"item\":\"https:\\\/\\\/ecosistema360.editorialdonbosco.com.ec\\\/\"},{\"@type\":\"ListItem\",\"position\":2,\"name\":\"Cambridge\"}]},{\"@type\":\"WebSite\",\"@id\":\"https:\\\/\\\/ecosistema360.editorialdonbosco.com.ec\\\/#website\",\"url\":\"https:\\\/\\\/ecosistema360.editorialdonbosco.com.ec\\\/\",\"name\":\"Ecosistema 360\",\"description\":\"\",\"publisher\":{\"@id\":\"https:\\\/\\\/ecosistema360.editorialdonbosco.com.ec\\\/#organization\"},\"potentialAction\":[{\"@type\":\"SearchAction\",\"target\":{\"@type\":\"EntryPoint\",\"urlTemplate\":\"https:\\\/\\\/ecosistema360.editorialdonbosco.com.ec\\\/?s={search_term_string}\"},\"query-input\":{\"@type\":\"PropertyValueSpecification\",\"valueRequired\":true,\"valueName\":\"search_term_string\"}}],\"inLanguage\":\"es\"},{\"@type\":\"Organization\",\"@id\":\"https:\\\/\\\/ecosistema360.editorialdonbosco.com.ec\\\/#organization\",\"name\":\"Grupo Editorial Don Bosco\",\"url\":\"https:\\\/\\\/ecosistema360.editorialdonbosco.com.ec\\\/\",\"logo\":{\"@type\":\"ImageObject\",\"inLanguage\":\"es\",\"@id\":\"https:\\\/\\\/ecosistema360.editorialdonbosco.com.ec\\\/#\\\/schema\\\/logo\\\/image\\\/\",\"url\":\"https:\\\/\\\/ecosistema360.editorialdonbosco.com.ec\\\/wp-content\\\/uploads\\\/2024\\\/06\\\/cropped-logo_edb.png\",\"contentUrl\":\"https:\\\/\\\/ecosistema360.editorialdonbosco.com.ec\\\/wp-content\\\/uploads\\\/2024\\\/06\\\/cropped-logo_edb.png\",\"width\":441,\"height\":136,\"caption\":\"Grupo Editorial Don Bosco\"},\"image\":{\"@id\":\"https:\\\/\\\/ecosistema360.editorialdonbosco.com.ec\\\/#\\\/schema\\\/logo\\\/image\\\/\"},\"sameAs\":[\"https:\\\/\\\/www.facebook.com\\\/EditorialDonBoscoEcuador\\\/?locale=es_LA\"]}]}<\/script>\n<!-- \/ Yoast SEO plugin. -->","yoast_head_json":{"title":"Cambridge -","robots":{"index":"index","follow":"follow","max-snippet":"max-snippet:-1","max-image-preview":"max-image-preview:large","max-video-preview":"max-video-preview:-1"},"canonical":"https:\/\/ecosistema360.editorialdonbosco.com.ec\/?page_id=150","og_locale":"es_ES","og_type":"article","og_title":"Cambridge -","og_description":"Alianza estrat\u00e9gica Creemos que los idiomas est\u00e1n en el centro de lo que nos hace humanos, y que el ingl\u00e9s [&hellip;]","og_url":"https:\/\/ecosistema360.editorialdonbosco.com.ec\/?page_id=150","article_publisher":"https:\/\/www.facebook.com\/EditorialDonBoscoEcuador\/?locale=es_LA","article_modified_time":"2025-07-29T23:25:54+00:00","og_image":[{"width":2000,"height":959,"url":"https:\/\/ecosistema360.editorialdonbosco.com.ec\/wp-content\/uploads\/2024\/06\/pequenos-ninos-amigos-pulgares-arriba.png","type":"image\/png"}],"twitter_card":"summary_large_image","twitter_misc":{"Tiempo de lectura":"1 minuto"},"schema":{"@context":"https:\/\/schema.org","@graph":[{"@type":"WebPage","@id":"https:\/\/ecosistema360.editorialdonbosco.com.ec\/?page_id=150","url":"https:\/\/ecosistema360.editorialdonbosco.com.ec\/?page_id=150","name":"Cambridge -","isPartOf":{"@id":"https:\/\/ecosistema360.editorialdonbosco.com.ec\/#website"},"primaryImageOfPage":{"@id":"https:\/\/ecosistema360.editorialdonbosco.com.ec\/?page_id=150#primaryimage"},"image":{"@id":"https:\/\/ecosistema360.editorialdonbosco.com.ec\/?page_id=150#primaryimage"},"thumbnailUrl":"https:\/\/ecosistema360.editorialdonbosco.com.ec\/wp-content\/uploads\/2024\/06\/pequenos-ninos-amigos-pulgares-arriba.png","datePublished":"2024-06-05T16:05:08+00:00","dateModified":"2025-07-29T23:25:54+00:00","breadcrumb":{"@id":"https:\/\/ecosistema360.editorialdonbosco.com.ec\/?page_id=150#breadcrumb"},"inLanguage":"es","potentialAction":[{"@type":"ReadAction","target":["https:\/\/ecosistema360.editorialdonbosco.com.ec\/?page_id=150"]}]},{"@type":"ImageObject","inLanguage":"es","@id":"https:\/\/ecosistema360.editorialdonbosco.com.ec\/?page_id=150#primaryimage","url":"https:\/\/ecosistema360.editorialdonbosco.com.ec\/wp-content\/uploads\/2024\/06\/pequenos-ninos-amigos-pulgares-arriba.png","contentUrl":"https:\/\/ecosistema360.editorialdonbosco.com.ec\/wp-content\/uploads\/2024\/06\/pequenos-ninos-amigos-pulgares-arriba.png","width":2000,"height":959},{"@type":"BreadcrumbList","@id":"https:\/\/ecosistema360.editorialdonbosco.com.ec\/?page_id=150#breadcrumb","itemListElement":[{"@type":"ListItem","position":1,"name":"Portada","item":"https:\/\/ecosistema360.editorialdonbosco.com.ec\/"},{"@type":"ListItem","position":2,"name":"Cambridge"}]},{"@type":"WebSite","@id":"https:\/\/ecosistema360.editorialdonbosco.com.ec\/#website","url":"https:\/\/ecosistema360.editorialdonbosco.com.ec\/","name":"Ecosistema 360","description":"","publisher":{"@id":"https:\/\/ecosistema360.editorialdonbosco.com.ec\/#organization"},"potentialAction":[{"@type":"SearchAction","target":{"@type":"EntryPoint","urlTemplate":"https:\/\/ecosistema360.editorialdonbosco.com.ec\/?s={search_term_string}"},"query-input":{"@type":"PropertyValueSpecification","valueRequired":true,"valueName":"search_term_string"}}],"inLanguage":"es"},{"@type":"Organization","@id":"https:\/\/ecosistema360.editorialdonbosco.com.ec\/#organization","name":"Grupo Editorial Don Bosco","url":"https:\/\/ecosistema360.editorialdonbosco.com.ec\/","logo":{"@type":"ImageObject","inLanguage":"es","@id":"https:\/\/ecosistema360.editorialdonbosco.com.ec\/#\/schema\/logo\/image\/","url":"https:\/\/ecosistema360.editorialdonbosco.com.ec\/wp-content\/uploads\/2024\/06\/cropped-logo_edb.png","contentUrl":"https:\/\/ecosistema360.editorialdonbosco.com.ec\/wp-content\/uploads\/2024\/06\/cropped-logo_edb.png","width":441,"height":136,"caption":"Grupo Editorial Don Bosco"},"image":{"@id":"https:\/\/ecosistema360.editorialdonbosco.com.ec\/#\/schema\/logo\/image\/"},"sameAs":["https:\/\/www.facebook.com\/EditorialDonBoscoEcuador\/?locale=es_LA"]}]}},"_links":{"self":[{"href":"https:\/\/ecosistema360.editorialdonbosco.com.ec\/index.php?rest_route=\/wp\/v2\/pages\/150","targetHints":{"allow":["GET"]}}],"collection":[{"href":"https:\/\/ecosistema360.editorialdonbosco.com.ec\/index.php?rest_route=\/wp\/v2\/pages"}],"about":[{"href":"https:\/\/ecosistema360.editorialdonbosco.com.ec\/index.php?rest_route=\/wp\/v2\/types\/page"}],"author":[{"embeddable":true,"href":"https:\/\/ecosistema360.editorialdonbosco.com.ec\/index.php?rest_route=\/wp\/v2\/users\/1"}],"replies":[{"embeddable":true,"href":"https:\/\/ecosistema360.editorialdonbosco.com.ec\/index.php?rest_route=%2Fwp%2Fv2%2Fcomments&post=150"}],"version-history":[{"count":0,"href":"https:\/\/ecosistema360.editorialdonbosco.com.ec\/index.php?rest_route=\/wp\/v2\/pages\/150\/revisions"}],"wp:attachment":[{"href":"https:\/\/ecosistema360.editorialdonbosco.com.ec\/index.php?rest_route=%2Fwp%2Fv2%2Fmedia&parent=150"}],"curies":[{"name":"wp","href":"https:\/\/api.w.org\/{rel}","templated":true}]}}