{"id":618,"date":"2024-06-06T15:05:59","date_gmt":"2024-06-06T20:05:59","guid":{"rendered":"https:\/\/ecosistema360.editorialdonbosco.com.ec\/?page_id=618"},"modified":"2025-01-13T14:46:22","modified_gmt":"2025-01-13T19:46:22","slug":"edebe-on","status":"publish","type":"page","link":"https:\/\/ecosistema360.editorialdonbosco.com.ec\/?page_id=618","title":{"rendered":"Edeb\u00e9 On"},"content":{"rendered":"\t\t<div data-elementor-type=\"wp-page\" data-elementor-id=\"618\" class=\"elementor elementor-618\" data-elementor-post-type=\"page\">\n\t\t\t\t<div class=\"elementor-element elementor-element-32ac23e e-con-full e-flex e-con e-parent\" data-id=\"32ac23e\" data-element_type=\"container\" data-e-type=\"container\" data-settings=\"{&quot;background_background&quot;:&quot;classic&quot;}\">\n\t\t<div class=\"elementor-element elementor-element-c4d7df3 e-flex e-con-boxed e-con e-child\" data-id=\"c4d7df3\" data-element_type=\"container\" data-e-type=\"container\">\n\t\t\t\t\t<div class=\"e-con-inner\">\n\t\t<div class=\"elementor-element elementor-element-19b28d0 e-con-full e-flex e-con e-child\" data-id=\"19b28d0\" data-element_type=\"container\" data-e-type=\"container\">\n\t\t\t\t<div class=\"elementor-element elementor-element-a1907d3 elementor-widget elementor-widget-video\" data-id=\"a1907d3\" data-element_type=\"widget\" data-e-type=\"widget\" data-settings=\"{&quot;youtube_url&quot;:&quot;https:\\\/\\\/youtu.be\\\/PeSVoBtsauc&quot;,&quot;video_type&quot;:&quot;youtube&quot;,&quot;controls&quot;:&quot;yes&quot;}\" data-widget_type=\"video.default\">\n\t\t\t\t<div class=\"elementor-widget-container\">\n\t\t\t\t\t\t\t<div class=\"elementor-wrapper elementor-open-inline\">\n\t\t\t<div class=\"elementor-video\"><\/div>\t\t<\/div>\n\t\t\t\t\t\t<\/div>\n\t\t\t\t<\/div>\n\t\t\t\t<\/div>\n\t\t<div class=\"elementor-element elementor-element-771b01b e-con-full e-flex e-con e-child\" data-id=\"771b01b\" data-element_type=\"container\" data-e-type=\"container\">\n\t\t\t\t<div class=\"elementor-element elementor-element-6833ca8 elementor-widget elementor-widget-heading\" data-id=\"6833ca8\" data-element_type=\"widget\" data-e-type=\"widget\" data-widget_type=\"heading.default\">\n\t\t\t\t<div class=\"elementor-widget-container\">\n\t\t\t\t\t<h4 class=\"elementor-heading-title elementor-size-default\">\u00bfQu\u00e9 es?<\/h4>\t\t\t\t<\/div>\n\t\t\t\t<\/div>\n\t\t\t\t<div class=\"elementor-element elementor-element-87fb272 elementor-widget__width-initial elementor-widget elementor-widget-text-editor\" data-id=\"87fb272\" data-element_type=\"widget\" data-e-type=\"widget\" data-widget_type=\"text-editor.default\">\n\t\t\t\t<div class=\"elementor-widget-container\">\n\t\t\t\t\t\t\t\t\t<p>Con Edeb\u00e9 On+ se puede adaptar todos los contenidos educativos, obtener estad\u00edsticas individuales de cada estudiante y organizar el aula de manera eficaz. Este LXP supera las plataformas convencionales, permitiendo personalizar.<\/p>\t\t\t\t\t\t\t\t<\/div>\n\t\t\t\t<\/div>\n\t\t\t\t<\/div>\n\t\t\t\t\t<\/div>\n\t\t\t\t<\/div>\n\t\t\t\t<\/div>\n\t\t\t\t<\/div>\n\t\t","protected":false},"excerpt":{"rendered":"<p>\u00bfQu\u00e9 es? Con Edeb\u00e9 On+ se puede adaptar todos los contenidos educativos, obtener estad\u00edsticas individuales de cada estudiante y organizar [&hellip;]<\/p>\n","protected":false},"author":1,"featured_media":0,"parent":0,"menu_order":0,"comment_status":"closed","ping_status":"closed","template":"elementor_header_footer","meta":{"site-sidebar-layout":"no-sidebar","site-content-layout":"","ast-site-content-layout":"full-width-container","site-content-style":"default","site-sidebar-style":"default","ast-global-header-display":"","ast-banner-title-visibility":"","ast-main-header-display":"","ast-hfb-above-header-display":"","ast-hfb-below-header-display":"","ast-hfb-mobile-header-display":"","site-post-title":"disabled","ast-breadcrumbs-content":"","ast-featured-img":"disabled","footer-sml-layout":"","ast-disable-related-posts":"","theme-transparent-header-meta":"","adv-header-id-meta":"","stick-header-meta":"","header-above-stick-meta":"","header-main-stick-meta":"","header-below-stick-meta":"","astra-migrate-meta-layouts":"default","ast-page-background-enabled":"default","ast-page-background-meta":{"desktop":{"background-color":"var(--ast-global-color-4)","background-image":"","background-repeat":"repeat","background-position":"center center","background-size":"auto","background-attachment":"scroll","background-type":"","background-media":"","overlay-type":"","overlay-color":"","overlay-opacity":"","overlay-gradient":""},"tablet":{"background-color":"","background-image":"","background-repeat":"repeat","background-position":"center center","background-size":"auto","background-attachment":"scroll","background-type":"","background-media":"","overlay-type":"","overlay-color":"","overlay-opacity":"","overlay-gradient":""},"mobile":{"background-color":"","background-image":"","background-repeat":"repeat","background-position":"center center","background-size":"auto","background-attachment":"scroll","background-type":"","background-media":"","overlay-type":"","overlay-color":"","overlay-opacity":"","overlay-gradient":""}},"ast-content-background-meta":{"desktop":{"background-color":"var(--ast-global-color-5)","background-image":"","background-repeat":"repeat","background-position":"center center","background-size":"auto","background-attachment":"scroll","background-type":"","background-media":"","overlay-type":"","overlay-color":"","overlay-opacity":"","overlay-gradient":""},"tablet":{"background-color":"var(--ast-global-color-5)","background-image":"","background-repeat":"repeat","background-position":"center center","background-size":"auto","background-attachment":"scroll","background-type":"","background-media":"","overlay-type":"","overlay-color":"","overlay-opacity":"","overlay-gradient":""},"mobile":{"background-color":"var(--ast-global-color-5)","background-image":"","background-repeat":"repeat","background-position":"center center","background-size":"auto","background-attachment":"scroll","background-type":"","background-media":"","overlay-type":"","overlay-color":"","overlay-opacity":"","overlay-gradient":""}},"footnotes":""},"class_list":["post-618","page","type-page","status-publish","hentry"],"yoast_head":"<!-- This site is optimized with the Yoast SEO plugin v27.4 - https:\/\/yoast.com\/product\/yoast-seo-wordpress\/ -->\n<title>Edeb\u00e9 On -<\/title>\n<meta name=\"robots\" content=\"index, follow, max-snippet:-1, max-image-preview:large, max-video-preview:-1\" \/>\n<link rel=\"canonical\" href=\"https:\/\/ecosistema360.editorialdonbosco.com.ec\/?page_id=618\" \/>\n<meta property=\"og:locale\" content=\"es_ES\" \/>\n<meta property=\"og:type\" content=\"article\" \/>\n<meta property=\"og:title\" content=\"Edeb\u00e9 On -\" \/>\n<meta property=\"og:description\" content=\"\u00bfQu\u00e9 es? Con Edeb\u00e9 On+ se puede adaptar todos los contenidos educativos, obtener estad\u00edsticas individuales de cada estudiante y organizar [&hellip;]\" \/>\n<meta property=\"og:url\" content=\"https:\/\/ecosistema360.editorialdonbosco.com.ec\/?page_id=618\" \/>\n<meta property=\"article:publisher\" content=\"https:\/\/www.facebook.com\/EditorialDonBoscoEcuador\/?locale=es_LA\" \/>\n<meta property=\"article:modified_time\" content=\"2025-01-13T19:46:22+00:00\" \/>\n<meta name=\"twitter:card\" content=\"summary_large_image\" \/>\n<meta name=\"twitter:label1\" content=\"Tiempo de lectura\" \/>\n\t<meta name=\"twitter:data1\" content=\"1 minuto\" \/>\n<script type=\"application\/ld+json\" class=\"yoast-schema-graph\">{\"@context\":\"https:\\\/\\\/schema.org\",\"@graph\":[{\"@type\":\"WebPage\",\"@id\":\"https:\\\/\\\/ecosistema360.editorialdonbosco.com.ec\\\/?page_id=618\",\"url\":\"https:\\\/\\\/ecosistema360.editorialdonbosco.com.ec\\\/?page_id=618\",\"name\":\"Edeb\u00e9 On -\",\"isPartOf\":{\"@id\":\"https:\\\/\\\/ecosistema360.editorialdonbosco.com.ec\\\/#website\"},\"datePublished\":\"2024-06-06T20:05:59+00:00\",\"dateModified\":\"2025-01-13T19:46:22+00:00\",\"breadcrumb\":{\"@id\":\"https:\\\/\\\/ecosistema360.editorialdonbosco.com.ec\\\/?page_id=618#breadcrumb\"},\"inLanguage\":\"es\",\"potentialAction\":[{\"@type\":\"ReadAction\",\"target\":[\"https:\\\/\\\/ecosistema360.editorialdonbosco.com.ec\\\/?page_id=618\"]}]},{\"@type\":\"BreadcrumbList\",\"@id\":\"https:\\\/\\\/ecosistema360.editorialdonbosco.com.ec\\\/?page_id=618#breadcrumb\",\"itemListElement\":[{\"@type\":\"ListItem\",\"position\":1,\"name\":\"Portada\",\"item\":\"https:\\\/\\\/ecosistema360.editorialdonbosco.com.ec\\\/\"},{\"@type\":\"ListItem\",\"position\":2,\"name\":\"Edeb\u00e9 On\"}]},{\"@type\":\"WebSite\",\"@id\":\"https:\\\/\\\/ecosistema360.editorialdonbosco.com.ec\\\/#website\",\"url\":\"https:\\\/\\\/ecosistema360.editorialdonbosco.com.ec\\\/\",\"name\":\"Ecosistema 360\",\"description\":\"\",\"publisher\":{\"@id\":\"https:\\\/\\\/ecosistema360.editorialdonbosco.com.ec\\\/#organization\"},\"potentialAction\":[{\"@type\":\"SearchAction\",\"target\":{\"@type\":\"EntryPoint\",\"urlTemplate\":\"https:\\\/\\\/ecosistema360.editorialdonbosco.com.ec\\\/?s={search_term_string}\"},\"query-input\":{\"@type\":\"PropertyValueSpecification\",\"valueRequired\":true,\"valueName\":\"search_term_string\"}}],\"inLanguage\":\"es\"},{\"@type\":\"Organization\",\"@id\":\"https:\\\/\\\/ecosistema360.editorialdonbosco.com.ec\\\/#organization\",\"name\":\"Grupo Editorial Don Bosco\",\"url\":\"https:\\\/\\\/ecosistema360.editorialdonbosco.com.ec\\\/\",\"logo\":{\"@type\":\"ImageObject\",\"inLanguage\":\"es\",\"@id\":\"https:\\\/\\\/ecosistema360.editorialdonbosco.com.ec\\\/#\\\/schema\\\/logo\\\/image\\\/\",\"url\":\"https:\\\/\\\/ecosistema360.editorialdonbosco.com.ec\\\/wp-content\\\/uploads\\\/2024\\\/06\\\/cropped-logo_edb.png\",\"contentUrl\":\"https:\\\/\\\/ecosistema360.editorialdonbosco.com.ec\\\/wp-content\\\/uploads\\\/2024\\\/06\\\/cropped-logo_edb.png\",\"width\":441,\"height\":136,\"caption\":\"Grupo Editorial Don Bosco\"},\"image\":{\"@id\":\"https:\\\/\\\/ecosistema360.editorialdonbosco.com.ec\\\/#\\\/schema\\\/logo\\\/image\\\/\"},\"sameAs\":[\"https:\\\/\\\/www.facebook.com\\\/EditorialDonBoscoEcuador\\\/?locale=es_LA\"]}]}<\/script>\n<!-- \/ Yoast SEO plugin. -->","yoast_head_json":{"title":"Edeb\u00e9 On -","robots":{"index":"index","follow":"follow","max-snippet":"max-snippet:-1","max-image-preview":"max-image-preview:large","max-video-preview":"max-video-preview:-1"},"canonical":"https:\/\/ecosistema360.editorialdonbosco.com.ec\/?page_id=618","og_locale":"es_ES","og_type":"article","og_title":"Edeb\u00e9 On -","og_description":"\u00bfQu\u00e9 es? Con Edeb\u00e9 On+ se puede adaptar todos los contenidos educativos, obtener estad\u00edsticas individuales de cada estudiante y organizar [&hellip;]","og_url":"https:\/\/ecosistema360.editorialdonbosco.com.ec\/?page_id=618","article_publisher":"https:\/\/www.facebook.com\/EditorialDonBoscoEcuador\/?locale=es_LA","article_modified_time":"2025-01-13T19:46:22+00:00","twitter_card":"summary_large_image","twitter_misc":{"Tiempo de lectura":"1 minuto"},"schema":{"@context":"https:\/\/schema.org","@graph":[{"@type":"WebPage","@id":"https:\/\/ecosistema360.editorialdonbosco.com.ec\/?page_id=618","url":"https:\/\/ecosistema360.editorialdonbosco.com.ec\/?page_id=618","name":"Edeb\u00e9 On -","isPartOf":{"@id":"https:\/\/ecosistema360.editorialdonbosco.com.ec\/#website"},"datePublished":"2024-06-06T20:05:59+00:00","dateModified":"2025-01-13T19:46:22+00:00","breadcrumb":{"@id":"https:\/\/ecosistema360.editorialdonbosco.com.ec\/?page_id=618#breadcrumb"},"inLanguage":"es","potentialAction":[{"@type":"ReadAction","target":["https:\/\/ecosistema360.editorialdonbosco.com.ec\/?page_id=618"]}]},{"@type":"BreadcrumbList","@id":"https:\/\/ecosistema360.editorialdonbosco.com.ec\/?page_id=618#breadcrumb","itemListElement":[{"@type":"ListItem","position":1,"name":"Portada","item":"https:\/\/ecosistema360.editorialdonbosco.com.ec\/"},{"@type":"ListItem","position":2,"name":"Edeb\u00e9 On"}]},{"@type":"WebSite","@id":"https:\/\/ecosistema360.editorialdonbosco.com.ec\/#website","url":"https:\/\/ecosistema360.editorialdonbosco.com.ec\/","name":"Ecosistema 360","description":"","publisher":{"@id":"https:\/\/ecosistema360.editorialdonbosco.com.ec\/#organization"},"potentialAction":[{"@type":"SearchAction","target":{"@type":"EntryPoint","urlTemplate":"https:\/\/ecosistema360.editorialdonbosco.com.ec\/?s={search_term_string}"},"query-input":{"@type":"PropertyValueSpecification","valueRequired":true,"valueName":"search_term_string"}}],"inLanguage":"es"},{"@type":"Organization","@id":"https:\/\/ecosistema360.editorialdonbosco.com.ec\/#organization","name":"Grupo Editorial Don Bosco","url":"https:\/\/ecosistema360.editorialdonbosco.com.ec\/","logo":{"@type":"ImageObject","inLanguage":"es","@id":"https:\/\/ecosistema360.editorialdonbosco.com.ec\/#\/schema\/logo\/image\/","url":"https:\/\/ecosistema360.editorialdonbosco.com.ec\/wp-content\/uploads\/2024\/06\/cropped-logo_edb.png","contentUrl":"https:\/\/ecosistema360.editorialdonbosco.com.ec\/wp-content\/uploads\/2024\/06\/cropped-logo_edb.png","width":441,"height":136,"caption":"Grupo Editorial Don Bosco"},"image":{"@id":"https:\/\/ecosistema360.editorialdonbosco.com.ec\/#\/schema\/logo\/image\/"},"sameAs":["https:\/\/www.facebook.com\/EditorialDonBoscoEcuador\/?locale=es_LA"]}]}},"_links":{"self":[{"href":"https:\/\/ecosistema360.editorialdonbosco.com.ec\/index.php?rest_route=\/wp\/v2\/pages\/618","targetHints":{"allow":["GET"]}}],"collection":[{"href":"https:\/\/ecosistema360.editorialdonbosco.com.ec\/index.php?rest_route=\/wp\/v2\/pages"}],"about":[{"href":"https:\/\/ecosistema360.editorialdonbosco.com.ec\/index.php?rest_route=\/wp\/v2\/types\/page"}],"author":[{"embeddable":true,"href":"https:\/\/ecosistema360.editorialdonbosco.com.ec\/index.php?rest_route=\/wp\/v2\/users\/1"}],"replies":[{"embeddable":true,"href":"https:\/\/ecosistema360.editorialdonbosco.com.ec\/index.php?rest_route=%2Fwp%2Fv2%2Fcomments&post=618"}],"version-history":[{"count":0,"href":"https:\/\/ecosistema360.editorialdonbosco.com.ec\/index.php?rest_route=\/wp\/v2\/pages\/618\/revisions"}],"wp:attachment":[{"href":"https:\/\/ecosistema360.editorialdonbosco.com.ec\/index.php?rest_route=%2Fwp%2Fv2%2Fmedia&parent=618"}],"curies":[{"name":"wp","href":"https:\/\/api.w.org\/{rel}","templated":true}]}}