{"id":637,"date":"2024-06-06T16:49:10","date_gmt":"2024-06-06T21:49:10","guid":{"rendered":"https:\/\/ecosistema360.editorialdonbosco.com.ec\/?page_id=637"},"modified":"2025-07-31T15:28:24","modified_gmt":"2025-07-31T20:28:24","slug":"plan-lector-2","status":"publish","type":"page","link":"https:\/\/ecosistema360.editorialdonbosco.com.ec\/?page_id=637","title":{"rendered":"Plan Lector"},"content":{"rendered":"\t\t<div data-elementor-type=\"wp-page\" data-elementor-id=\"637\" class=\"elementor elementor-637\" data-elementor-post-type=\"page\">\n\t\t\t\t<div class=\"elementor-element elementor-element-6442408 e-con-full e-flex e-con e-parent\" data-id=\"6442408\" data-element_type=\"container\" data-e-type=\"container\" data-settings=\"{&quot;background_background&quot;:&quot;classic&quot;}\">\n\t\t<div class=\"elementor-element elementor-element-5c98758 e-flex e-con-boxed e-con e-child\" data-id=\"5c98758\" data-element_type=\"container\" data-e-type=\"container\">\n\t\t\t\t\t<div class=\"e-con-inner\">\n\t\t<div class=\"elementor-element elementor-element-bd5b925 e-flex e-con-boxed e-con e-child\" data-id=\"bd5b925\" data-element_type=\"container\" data-e-type=\"container\">\n\t\t\t\t\t<div class=\"e-con-inner\">\n\t\t<div class=\"elementor-element elementor-element-2257e2f e-flex e-con-boxed e-con e-child\" data-id=\"2257e2f\" data-element_type=\"container\" data-e-type=\"container\">\n\t\t\t\t\t<div class=\"e-con-inner\">\n\t\t\t\t<div class=\"elementor-element elementor-element-eb5771b elementor-widget elementor-widget-image\" data-id=\"eb5771b\" data-element_type=\"widget\" data-e-type=\"widget\" data-widget_type=\"image.default\">\n\t\t\t\t<div class=\"elementor-widget-container\">\n\t\t\t\t\t\t\t\t\t\t\t\t\t\t\t<img fetchpriority=\"high\" decoding=\"async\" width=\"1024\" height=\"699\" src=\"https:\/\/ecosistema360.editorialdonbosco.com.ec\/wp-content\/uploads\/2024\/06\/plan-lector1-1024x699.png\" class=\"attachment-large size-large wp-image-2217\" alt=\"\" srcset=\"https:\/\/ecosistema360.editorialdonbosco.com.ec\/wp-content\/uploads\/2024\/06\/plan-lector1-1024x699.png 1024w, https:\/\/ecosistema360.editorialdonbosco.com.ec\/wp-content\/uploads\/2024\/06\/plan-lector1-300x205.png 300w, https:\/\/ecosistema360.editorialdonbosco.com.ec\/wp-content\/uploads\/2024\/06\/plan-lector1-768x525.png 768w, https:\/\/ecosistema360.editorialdonbosco.com.ec\/wp-content\/uploads\/2024\/06\/plan-lector1-1536x1049.png 1536w, https:\/\/ecosistema360.editorialdonbosco.com.ec\/wp-content\/uploads\/2024\/06\/plan-lector1-24x16.png 24w, https:\/\/ecosistema360.editorialdonbosco.com.ec\/wp-content\/uploads\/2024\/06\/plan-lector1-36x25.png 36w, https:\/\/ecosistema360.editorialdonbosco.com.ec\/wp-content\/uploads\/2024\/06\/plan-lector1-48x33.png 48w, https:\/\/ecosistema360.editorialdonbosco.com.ec\/wp-content\/uploads\/2024\/06\/plan-lector1.png 2000w\" sizes=\"(max-width: 1024px) 100vw, 1024px\" \/>\t\t\t\t\t\t\t\t\t\t\t\t\t\t\t<\/div>\n\t\t\t\t<\/div>\n\t\t\t\t\t<\/div>\n\t\t\t\t<\/div>\n\t\t<div class=\"elementor-element elementor-element-65dd638 e-flex e-con-boxed e-con e-child\" data-id=\"65dd638\" data-element_type=\"container\" data-e-type=\"container\">\n\t\t\t\t\t<div class=\"e-con-inner\">\n\t\t\t\t<div class=\"elementor-element elementor-element-ea72eae elementor-widget elementor-widget-heading\" data-id=\"ea72eae\" data-element_type=\"widget\" data-e-type=\"widget\" data-widget_type=\"heading.default\">\n\t\t\t\t<div class=\"elementor-widget-container\">\n\t\t\t\t\t<h4 class=\"elementor-heading-title elementor-size-default\">\u00bfQu\u00e9 es?<\/h4>\t\t\t\t<\/div>\n\t\t\t\t<\/div>\n\t\t\t\t<div class=\"elementor-element elementor-element-70956a3 elementor-widget__width-initial elementor-widget elementor-widget-text-editor\" data-id=\"70956a3\" data-element_type=\"widget\" data-e-type=\"widget\" data-widget_type=\"text-editor.default\">\n\t\t\t\t<div class=\"elementor-widget-container\">\n\t\t\t\t\t\t\t\t\t<p>Plan Lector de Editorial Don Bosco est\u00e1 dise\u00f1ado para fomentar la lectura en la comunidad educativa, ofreciendo un cat\u00e1logo diverso de textos literarios y no literarios adaptados a diferentes edades y grados escolares. Incluye obras de calidad alineadas con las directrices curriculares actuales y prepara a los estudiantes para pruebas est\u00e1ndar como Ser Bachiller y PISA. La editorial se compromete a apoyar la labor educativa proporcionando recursos de calidad y promoviendo el disfrute por la lectura, con el objetivo de equipar a los estudiantes con habilidades duraderas para comprender y disfrutar de la lectura a lo largo de sus vidas.<\/p><p>\u00danete al maravilloso mundo de las historias con nuestro Plan Lector, leer para so\u00f1ar.<\/p>\t\t\t\t\t\t\t\t<\/div>\n\t\t\t\t<\/div>\n\t\t\t\t\t<\/div>\n\t\t\t\t<\/div>\n\t\t\t\t\t<\/div>\n\t\t\t\t<\/div>\n\t\t\t\t\t<\/div>\n\t\t\t\t<\/div>\n\t\t\t\t<\/div>\n\t\t<div class=\"elementor-element elementor-element-2e90ddf e-flex e-con-boxed e-con e-parent\" data-id=\"2e90ddf\" data-element_type=\"container\" data-e-type=\"container\">\n\t\t\t\t\t<div class=\"e-con-inner\">\n\t\t<div class=\"elementor-element elementor-element-bc2d8c7 e-con-full e-flex e-con e-child\" data-id=\"bc2d8c7\" data-element_type=\"container\" data-e-type=\"container\">\n\t\t<div class=\"elementor-element elementor-element-27eeaf2 e-con-full e-flex e-con e-child\" data-id=\"27eeaf2\" data-element_type=\"container\" data-e-type=\"container\" data-settings=\"{&quot;background_background&quot;:&quot;classic&quot;}\">\n\t\t\t\t<div class=\"elementor-element elementor-element-cab2142 elementor-widget elementor-widget-html\" data-id=\"cab2142\" data-element_type=\"widget\" data-e-type=\"widget\" data-widget_type=\"html.default\">\n\t\t\t\t<div class=\"elementor-widget-container\">\n\t\t\t\t\t<div style=\"position:relative;padding-top:max(60%,324px);width:100%;height:0;\"><iframe style=\"position:absolute;border:none;width:100%;height:100%;left:0;top:0;\" src=\"https:\/\/online.fliphtml5.com\/izljd\/bobb\/\"  seamless=\"seamless\" scrolling=\"no\" frameborder=\"0\" allowtransparency=\"true\" allowfullscreen=\"true\" ><\/iframe><\/div>\t\t\t\t<\/div>\n\t\t\t\t<\/div>\n\t\t\t\t<div class=\"elementor-element elementor-element-a97be35 elementor-widget elementor-widget-heading\" data-id=\"a97be35\" data-element_type=\"widget\" data-e-type=\"widget\" data-widget_type=\"heading.default\">\n\t\t\t\t<div class=\"elementor-widget-container\">\n\t\t\t\t\t<h2 class=\"elementor-heading-title elementor-size-default\">Cat\u00e1logo de  Plan Lector<\/h2>\t\t\t\t<\/div>\n\t\t\t\t<\/div>\n\t\t\t\t<\/div>\n\t\t\t\t<\/div>\n\t\t\t\t\t<\/div>\n\t\t\t\t<\/div>\n\t\t\t\t<\/div>\n\t\t","protected":false},"excerpt":{"rendered":"<p>\u00bfQu\u00e9 es? Plan Lector de Editorial Don Bosco est\u00e1 dise\u00f1ado para fomentar la lectura en la comunidad educativa, ofreciendo un [&hellip;]<\/p>\n","protected":false},"author":1,"featured_media":0,"parent":0,"menu_order":0,"comment_status":"closed","ping_status":"closed","template":"elementor_header_footer","meta":{"site-sidebar-layout":"no-sidebar","site-content-layout":"","ast-site-content-layout":"full-width-container","site-content-style":"default","site-sidebar-style":"default","ast-global-header-display":"","ast-banner-title-visibility":"","ast-main-header-display":"","ast-hfb-above-header-display":"","ast-hfb-below-header-display":"","ast-hfb-mobile-header-display":"","site-post-title":"disabled","ast-breadcrumbs-content":"","ast-featured-img":"disabled","footer-sml-layout":"","ast-disable-related-posts":"","theme-transparent-header-meta":"","adv-header-id-meta":"","stick-header-meta":"","header-above-stick-meta":"","header-main-stick-meta":"","header-below-stick-meta":"","astra-migrate-meta-layouts":"default","ast-page-background-enabled":"default","ast-page-background-meta":{"desktop":{"background-color":"var(--ast-global-color-4)","background-image":"","background-repeat":"repeat","background-position":"center center","background-size":"auto","background-attachment":"scroll","background-type":"","background-media":"","overlay-type":"","overlay-color":"","overlay-opacity":"","overlay-gradient":""},"tablet":{"background-color":"","background-image":"","background-repeat":"repeat","background-position":"center center","background-size":"auto","background-attachment":"scroll","background-type":"","background-media":"","overlay-type":"","overlay-color":"","overlay-opacity":"","overlay-gradient":""},"mobile":{"background-color":"","background-image":"","background-repeat":"repeat","background-position":"center center","background-size":"auto","background-attachment":"scroll","background-type":"","background-media":"","overlay-type":"","overlay-color":"","overlay-opacity":"","overlay-gradient":""}},"ast-content-background-meta":{"desktop":{"background-color":"var(--ast-global-color-5)","background-image":"","background-repeat":"repeat","background-position":"center center","background-size":"auto","background-attachment":"scroll","background-type":"","background-media":"","overlay-type":"","overlay-color":"","overlay-opacity":"","overlay-gradient":""},"tablet":{"background-color":"var(--ast-global-color-5)","background-image":"","background-repeat":"repeat","background-position":"center center","background-size":"auto","background-attachment":"scroll","background-type":"","background-media":"","overlay-type":"","overlay-color":"","overlay-opacity":"","overlay-gradient":""},"mobile":{"background-color":"var(--ast-global-color-5)","background-image":"","background-repeat":"repeat","background-position":"center center","background-size":"auto","background-attachment":"scroll","background-type":"","background-media":"","overlay-type":"","overlay-color":"","overlay-opacity":"","overlay-gradient":""}},"footnotes":""},"class_list":["post-637","page","type-page","status-publish","hentry"],"yoast_head":"<!-- This site is optimized with the Yoast SEO plugin v27.4 - https:\/\/yoast.com\/product\/yoast-seo-wordpress\/ -->\n<title>Plan Lector -<\/title>\n<meta name=\"robots\" content=\"index, follow, max-snippet:-1, max-image-preview:large, max-video-preview:-1\" \/>\n<link rel=\"canonical\" href=\"https:\/\/ecosistema360.editorialdonbosco.com.ec\/?page_id=637\" \/>\n<meta property=\"og:locale\" content=\"es_ES\" \/>\n<meta property=\"og:type\" content=\"article\" \/>\n<meta property=\"og:title\" content=\"Plan Lector -\" \/>\n<meta property=\"og:description\" content=\"\u00bfQu\u00e9 es? Plan Lector de Editorial Don Bosco est\u00e1 dise\u00f1ado para fomentar la lectura en la comunidad educativa, ofreciendo un [&hellip;]\" \/>\n<meta property=\"og:url\" content=\"https:\/\/ecosistema360.editorialdonbosco.com.ec\/?page_id=637\" \/>\n<meta property=\"article:publisher\" content=\"https:\/\/www.facebook.com\/EditorialDonBoscoEcuador\/?locale=es_LA\" \/>\n<meta property=\"article:modified_time\" content=\"2025-07-31T20:28:24+00:00\" \/>\n<meta property=\"og:image\" content=\"https:\/\/ecosistema360.editorialdonbosco.com.ec\/wp-content\/uploads\/2024\/06\/plan-lector1.png\" \/>\n\t<meta property=\"og:image:width\" content=\"2000\" \/>\n\t<meta property=\"og:image:height\" content=\"1366\" \/>\n\t<meta property=\"og:image:type\" content=\"image\/png\" \/>\n<meta name=\"twitter:card\" content=\"summary_large_image\" \/>\n<meta name=\"twitter:label1\" content=\"Tiempo de lectura\" \/>\n\t<meta name=\"twitter:data1\" content=\"1 minuto\" \/>\n<script type=\"application\/ld+json\" class=\"yoast-schema-graph\">{\"@context\":\"https:\\\/\\\/schema.org\",\"@graph\":[{\"@type\":\"WebPage\",\"@id\":\"https:\\\/\\\/ecosistema360.editorialdonbosco.com.ec\\\/?page_id=637\",\"url\":\"https:\\\/\\\/ecosistema360.editorialdonbosco.com.ec\\\/?page_id=637\",\"name\":\"Plan Lector -\",\"isPartOf\":{\"@id\":\"https:\\\/\\\/ecosistema360.editorialdonbosco.com.ec\\\/#website\"},\"primaryImageOfPage\":{\"@id\":\"https:\\\/\\\/ecosistema360.editorialdonbosco.com.ec\\\/?page_id=637#primaryimage\"},\"image\":{\"@id\":\"https:\\\/\\\/ecosistema360.editorialdonbosco.com.ec\\\/?page_id=637#primaryimage\"},\"thumbnailUrl\":\"https:\\\/\\\/ecosistema360.editorialdonbosco.com.ec\\\/wp-content\\\/uploads\\\/2024\\\/06\\\/plan-lector1-1024x699.png\",\"datePublished\":\"2024-06-06T21:49:10+00:00\",\"dateModified\":\"2025-07-31T20:28:24+00:00\",\"breadcrumb\":{\"@id\":\"https:\\\/\\\/ecosistema360.editorialdonbosco.com.ec\\\/?page_id=637#breadcrumb\"},\"inLanguage\":\"es\",\"potentialAction\":[{\"@type\":\"ReadAction\",\"target\":[\"https:\\\/\\\/ecosistema360.editorialdonbosco.com.ec\\\/?page_id=637\"]}]},{\"@type\":\"ImageObject\",\"inLanguage\":\"es\",\"@id\":\"https:\\\/\\\/ecosistema360.editorialdonbosco.com.ec\\\/?page_id=637#primaryimage\",\"url\":\"https:\\\/\\\/ecosistema360.editorialdonbosco.com.ec\\\/wp-content\\\/uploads\\\/2024\\\/06\\\/plan-lector1.png\",\"contentUrl\":\"https:\\\/\\\/ecosistema360.editorialdonbosco.com.ec\\\/wp-content\\\/uploads\\\/2024\\\/06\\\/plan-lector1.png\",\"width\":2000,\"height\":1366},{\"@type\":\"BreadcrumbList\",\"@id\":\"https:\\\/\\\/ecosistema360.editorialdonbosco.com.ec\\\/?page_id=637#breadcrumb\",\"itemListElement\":[{\"@type\":\"ListItem\",\"position\":1,\"name\":\"Portada\",\"item\":\"https:\\\/\\\/ecosistema360.editorialdonbosco.com.ec\\\/\"},{\"@type\":\"ListItem\",\"position\":2,\"name\":\"Plan Lector\"}]},{\"@type\":\"WebSite\",\"@id\":\"https:\\\/\\\/ecosistema360.editorialdonbosco.com.ec\\\/#website\",\"url\":\"https:\\\/\\\/ecosistema360.editorialdonbosco.com.ec\\\/\",\"name\":\"Ecosistema 360\",\"description\":\"\",\"publisher\":{\"@id\":\"https:\\\/\\\/ecosistema360.editorialdonbosco.com.ec\\\/#organization\"},\"potentialAction\":[{\"@type\":\"SearchAction\",\"target\":{\"@type\":\"EntryPoint\",\"urlTemplate\":\"https:\\\/\\\/ecosistema360.editorialdonbosco.com.ec\\\/?s={search_term_string}\"},\"query-input\":{\"@type\":\"PropertyValueSpecification\",\"valueRequired\":true,\"valueName\":\"search_term_string\"}}],\"inLanguage\":\"es\"},{\"@type\":\"Organization\",\"@id\":\"https:\\\/\\\/ecosistema360.editorialdonbosco.com.ec\\\/#organization\",\"name\":\"Grupo Editorial Don Bosco\",\"url\":\"https:\\\/\\\/ecosistema360.editorialdonbosco.com.ec\\\/\",\"logo\":{\"@type\":\"ImageObject\",\"inLanguage\":\"es\",\"@id\":\"https:\\\/\\\/ecosistema360.editorialdonbosco.com.ec\\\/#\\\/schema\\\/logo\\\/image\\\/\",\"url\":\"https:\\\/\\\/ecosistema360.editorialdonbosco.com.ec\\\/wp-content\\\/uploads\\\/2024\\\/06\\\/cropped-logo_edb.png\",\"contentUrl\":\"https:\\\/\\\/ecosistema360.editorialdonbosco.com.ec\\\/wp-content\\\/uploads\\\/2024\\\/06\\\/cropped-logo_edb.png\",\"width\":441,\"height\":136,\"caption\":\"Grupo Editorial Don Bosco\"},\"image\":{\"@id\":\"https:\\\/\\\/ecosistema360.editorialdonbosco.com.ec\\\/#\\\/schema\\\/logo\\\/image\\\/\"},\"sameAs\":[\"https:\\\/\\\/www.facebook.com\\\/EditorialDonBoscoEcuador\\\/?locale=es_LA\"]}]}<\/script>\n<!-- \/ Yoast SEO plugin. -->","yoast_head_json":{"title":"Plan Lector -","robots":{"index":"index","follow":"follow","max-snippet":"max-snippet:-1","max-image-preview":"max-image-preview:large","max-video-preview":"max-video-preview:-1"},"canonical":"https:\/\/ecosistema360.editorialdonbosco.com.ec\/?page_id=637","og_locale":"es_ES","og_type":"article","og_title":"Plan Lector -","og_description":"\u00bfQu\u00e9 es? Plan Lector de Editorial Don Bosco est\u00e1 dise\u00f1ado para fomentar la lectura en la comunidad educativa, ofreciendo un [&hellip;]","og_url":"https:\/\/ecosistema360.editorialdonbosco.com.ec\/?page_id=637","article_publisher":"https:\/\/www.facebook.com\/EditorialDonBoscoEcuador\/?locale=es_LA","article_modified_time":"2025-07-31T20:28:24+00:00","og_image":[{"width":2000,"height":1366,"url":"https:\/\/ecosistema360.editorialdonbosco.com.ec\/wp-content\/uploads\/2024\/06\/plan-lector1.png","type":"image\/png"}],"twitter_card":"summary_large_image","twitter_misc":{"Tiempo de lectura":"1 minuto"},"schema":{"@context":"https:\/\/schema.org","@graph":[{"@type":"WebPage","@id":"https:\/\/ecosistema360.editorialdonbosco.com.ec\/?page_id=637","url":"https:\/\/ecosistema360.editorialdonbosco.com.ec\/?page_id=637","name":"Plan Lector -","isPartOf":{"@id":"https:\/\/ecosistema360.editorialdonbosco.com.ec\/#website"},"primaryImageOfPage":{"@id":"https:\/\/ecosistema360.editorialdonbosco.com.ec\/?page_id=637#primaryimage"},"image":{"@id":"https:\/\/ecosistema360.editorialdonbosco.com.ec\/?page_id=637#primaryimage"},"thumbnailUrl":"https:\/\/ecosistema360.editorialdonbosco.com.ec\/wp-content\/uploads\/2024\/06\/plan-lector1-1024x699.png","datePublished":"2024-06-06T21:49:10+00:00","dateModified":"2025-07-31T20:28:24+00:00","breadcrumb":{"@id":"https:\/\/ecosistema360.editorialdonbosco.com.ec\/?page_id=637#breadcrumb"},"inLanguage":"es","potentialAction":[{"@type":"ReadAction","target":["https:\/\/ecosistema360.editorialdonbosco.com.ec\/?page_id=637"]}]},{"@type":"ImageObject","inLanguage":"es","@id":"https:\/\/ecosistema360.editorialdonbosco.com.ec\/?page_id=637#primaryimage","url":"https:\/\/ecosistema360.editorialdonbosco.com.ec\/wp-content\/uploads\/2024\/06\/plan-lector1.png","contentUrl":"https:\/\/ecosistema360.editorialdonbosco.com.ec\/wp-content\/uploads\/2024\/06\/plan-lector1.png","width":2000,"height":1366},{"@type":"BreadcrumbList","@id":"https:\/\/ecosistema360.editorialdonbosco.com.ec\/?page_id=637#breadcrumb","itemListElement":[{"@type":"ListItem","position":1,"name":"Portada","item":"https:\/\/ecosistema360.editorialdonbosco.com.ec\/"},{"@type":"ListItem","position":2,"name":"Plan Lector"}]},{"@type":"WebSite","@id":"https:\/\/ecosistema360.editorialdonbosco.com.ec\/#website","url":"https:\/\/ecosistema360.editorialdonbosco.com.ec\/","name":"Ecosistema 360","description":"","publisher":{"@id":"https:\/\/ecosistema360.editorialdonbosco.com.ec\/#organization"},"potentialAction":[{"@type":"SearchAction","target":{"@type":"EntryPoint","urlTemplate":"https:\/\/ecosistema360.editorialdonbosco.com.ec\/?s={search_term_string}"},"query-input":{"@type":"PropertyValueSpecification","valueRequired":true,"valueName":"search_term_string"}}],"inLanguage":"es"},{"@type":"Organization","@id":"https:\/\/ecosistema360.editorialdonbosco.com.ec\/#organization","name":"Grupo Editorial Don Bosco","url":"https:\/\/ecosistema360.editorialdonbosco.com.ec\/","logo":{"@type":"ImageObject","inLanguage":"es","@id":"https:\/\/ecosistema360.editorialdonbosco.com.ec\/#\/schema\/logo\/image\/","url":"https:\/\/ecosistema360.editorialdonbosco.com.ec\/wp-content\/uploads\/2024\/06\/cropped-logo_edb.png","contentUrl":"https:\/\/ecosistema360.editorialdonbosco.com.ec\/wp-content\/uploads\/2024\/06\/cropped-logo_edb.png","width":441,"height":136,"caption":"Grupo Editorial Don Bosco"},"image":{"@id":"https:\/\/ecosistema360.editorialdonbosco.com.ec\/#\/schema\/logo\/image\/"},"sameAs":["https:\/\/www.facebook.com\/EditorialDonBoscoEcuador\/?locale=es_LA"]}]}},"_links":{"self":[{"href":"https:\/\/ecosistema360.editorialdonbosco.com.ec\/index.php?rest_route=\/wp\/v2\/pages\/637","targetHints":{"allow":["GET"]}}],"collection":[{"href":"https:\/\/ecosistema360.editorialdonbosco.com.ec\/index.php?rest_route=\/wp\/v2\/pages"}],"about":[{"href":"https:\/\/ecosistema360.editorialdonbosco.com.ec\/index.php?rest_route=\/wp\/v2\/types\/page"}],"author":[{"embeddable":true,"href":"https:\/\/ecosistema360.editorialdonbosco.com.ec\/index.php?rest_route=\/wp\/v2\/users\/1"}],"replies":[{"embeddable":true,"href":"https:\/\/ecosistema360.editorialdonbosco.com.ec\/index.php?rest_route=%2Fwp%2Fv2%2Fcomments&post=637"}],"version-history":[{"count":0,"href":"https:\/\/ecosistema360.editorialdonbosco.com.ec\/index.php?rest_route=\/wp\/v2\/pages\/637\/revisions"}],"wp:attachment":[{"href":"https:\/\/ecosistema360.editorialdonbosco.com.ec\/index.php?rest_route=%2Fwp%2Fv2%2Fmedia&parent=637"}],"curies":[{"name":"wp","href":"https:\/\/api.w.org\/{rel}","templated":true}]}}